{"id":509,"date":"2026-03-09T20:26:43","date_gmt":"2026-03-09T20:26:43","guid":{"rendered":"https:\/\/sunflorae.com\/about\/"},"modified":"2026-03-13T07:50:42","modified_gmt":"2026-03-13T07:50:42","slug":"acerca-de","status":"publish","type":"page","link":"https:\/\/sunflorae.com\/es\/about\/","title":{"rendered":"Qui\u00e9nes somos"},"content":{"rendered":"","protected":false},"excerpt":{"rendered":"","protected":false},"author":1,"featured_media":0,"parent":0,"menu_order":0,"comment_status":"closed","ping_status":"closed","template":"page-templates\/page-about.php","meta":{"footnotes":""},"class_list":["post-509","page","type-page","status-publish","hentry"],"yoast_head":"<!-- This site is optimized with the Yoast SEO Premium plugin v27.1 (Yoast SEO v27.1) - https:\/\/yoast.com\/product\/yoast-seo-premium-wordpress\/ -->\n<title>About Sunflorae \u2014 Perfume Manufacturer Since 2018<\/title>\n<meta name=\"description\" content=\"ISO-certified perfume manufacturer in China, supplying 500+ retailers across 40+ countries. Our production, quality standards, and partnerships.\" \/>\n<meta name=\"robots\" content=\"index, follow, max-snippet:-1, max-image-preview:large, max-video-preview:-1\" \/>\n<link rel=\"canonical\" href=\"https:\/\/sunflorae.com\/es\/acerca-de\/\" \/>\n<meta property=\"og:locale\" content=\"es_ES\" \/>\n<meta property=\"og:type\" content=\"article\" \/>\n<meta property=\"og:title\" content=\"About Us\" \/>\n<meta property=\"og:description\" content=\"ISO-certified perfume manufacturer in China, supplying 500+ retailers across 40+ countries. Our production, quality standards, and partnerships.\" \/>\n<meta property=\"og:url\" content=\"https:\/\/sunflorae.com\/es\/acerca-de\/\" \/>\n<meta property=\"og:site_name\" content=\"Sunflorae\" \/>\n<meta property=\"article:modified_time\" content=\"2026-03-13T07:50:42+00:00\" \/>\n<meta name=\"twitter:card\" content=\"summary_large_image\" \/>\n<script type=\"application\/ld+json\" class=\"yoast-schema-graph\">{\"@context\":\"https:\/\/schema.org\",\"@graph\":[{\"@type\":\"WebPage\",\"@id\":\"https:\/\/sunflorae.com\/about\/\",\"url\":\"https:\/\/sunflorae.com\/about\/\",\"name\":\"About Sunflorae \u2014 Perfume Manufacturer Since 2018\",\"isPartOf\":{\"@id\":\"https:\/\/sunflorae.com\/#website\"},\"datePublished\":\"2026-03-09T20:26:43+00:00\",\"dateModified\":\"2026-03-13T07:50:42+00:00\",\"description\":\"ISO-certified perfume manufacturer in China, supplying 500+ retailers across 40+ countries. Our production, quality standards, and partnerships.\",\"breadcrumb\":{\"@id\":\"https:\/\/sunflorae.com\/about\/#breadcrumb\"},\"inLanguage\":\"es\",\"potentialAction\":[{\"@type\":\"ReadAction\",\"target\":[\"https:\/\/sunflorae.com\/about\/\"]}]},{\"@type\":\"BreadcrumbList\",\"@id\":\"https:\/\/sunflorae.com\/about\/#breadcrumb\",\"itemListElement\":[{\"@type\":\"ListItem\",\"position\":1,\"name\":\"Home\",\"item\":\"https:\/\/sunflorae.com\/\"},{\"@type\":\"ListItem\",\"position\":2,\"name\":\"About Us\"}]},{\"@type\":\"WebSite\",\"@id\":\"https:\/\/sunflorae.com\/#website\",\"url\":\"https:\/\/sunflorae.com\/\",\"name\":\"sunflorae.com\",\"description\":\"Premium Fragrance Wholesale \u2014 Manufacturer &amp; Global Supplier\",\"publisher\":{\"@id\":\"https:\/\/sunflorae.com\/#organization\"},\"potentialAction\":[{\"@type\":\"SearchAction\",\"target\":{\"@type\":\"EntryPoint\",\"urlTemplate\":\"https:\/\/sunflorae.com\/?s={search_term_string}\"},\"query-input\":{\"@type\":\"PropertyValueSpecification\",\"valueRequired\":true,\"valueName\":\"search_term_string\"}}],\"inLanguage\":\"es\"},{\"@type\":\"Organization\",\"@id\":\"https:\/\/sunflorae.com\/#organization\",\"name\":\"sunflorae.com\",\"url\":\"https:\/\/sunflorae.com\/\",\"logo\":{\"@type\":\"ImageObject\",\"inLanguage\":\"es\",\"@id\":\"https:\/\/sunflorae.com\/#\/schema\/logo\/image\/\",\"url\":\"https:\/\/sunflorae.com\/wp-content\/uploads\/2026\/03\/logo1.png\",\"contentUrl\":\"https:\/\/sunflorae.com\/wp-content\/uploads\/2026\/03\/logo1.png\",\"width\":1153,\"height\":365,\"caption\":\"sunflorae.com\"},\"image\":{\"@id\":\"https:\/\/sunflorae.com\/#\/schema\/logo\/image\/\"}}]}<\/script>\n<!-- \/ Yoast SEO Premium plugin. -->","yoast_head_json":{"title":"Acerca de Sunflorae - Fabricante de perfumes desde 2018","description":"Fabricante chino de perfumes con certificaci\u00f3n ISO, que suministra a m\u00e1s de 500 minoristas en m\u00e1s de 40 pa\u00edses. Nuestra producci\u00f3n, nuestras normas de calidad y nuestras colaboraciones.","robots":{"index":"index","follow":"follow","max-snippet":"max-snippet:-1","max-image-preview":"max-image-preview:large","max-video-preview":"max-video-preview:-1"},"canonical":"https:\/\/sunflorae.com\/es\/acerca-de\/","og_locale":"es_ES","og_type":"article","og_title":"About Us","og_description":"ISO-certified perfume manufacturer in China, supplying 500+ retailers across 40+ countries. Our production, quality standards, and partnerships.","og_url":"https:\/\/sunflorae.com\/es\/acerca-de\/","og_site_name":"Sunflorae","article_modified_time":"2026-03-13T07:50:42+00:00","twitter_card":"summary_large_image","schema":{"@context":"https:\/\/schema.org","@graph":[{"@type":"WebPage","@id":"https:\/\/sunflorae.com\/about\/","url":"https:\/\/sunflorae.com\/about\/","name":"Acerca de Sunflorae - Fabricante de perfumes desde 2018","isPartOf":{"@id":"https:\/\/sunflorae.com\/#website"},"datePublished":"2026-03-09T20:26:43+00:00","dateModified":"2026-03-13T07:50:42+00:00","description":"Fabricante chino de perfumes con certificaci\u00f3n ISO, que suministra a m\u00e1s de 500 minoristas en m\u00e1s de 40 pa\u00edses. Nuestra producci\u00f3n, nuestras normas de calidad y nuestras colaboraciones.","breadcrumb":{"@id":"https:\/\/sunflorae.com\/about\/#breadcrumb"},"inLanguage":"es","potentialAction":[{"@type":"ReadAction","target":["https:\/\/sunflorae.com\/about\/"]}]},{"@type":"BreadcrumbList","@id":"https:\/\/sunflorae.com\/about\/#breadcrumb","itemListElement":[{"@type":"ListItem","position":1,"name":"Home","item":"https:\/\/sunflorae.com\/"},{"@type":"ListItem","position":2,"name":"About Us"}]},{"@type":"WebSite","@id":"https:\/\/sunflorae.com\/#website","url":"https:\/\/sunflorae.com\/","name":"sunflorae.com","description":"Premium Fragrance Wholesale - Fabricante y proveedor mundial","publisher":{"@id":"https:\/\/sunflorae.com\/#organization"},"potentialAction":[{"@type":"SearchAction","target":{"@type":"EntryPoint","urlTemplate":"https:\/\/sunflorae.com\/?s={search_term_string}"},"query-input":{"@type":"PropertyValueSpecification","valueRequired":true,"valueName":"search_term_string"}}],"inLanguage":"es"},{"@type":"Organization","@id":"https:\/\/sunflorae.com\/#organization","name":"sunflorae.com","url":"https:\/\/sunflorae.com\/","logo":{"@type":"ImageObject","inLanguage":"es","@id":"https:\/\/sunflorae.com\/#\/schema\/logo\/image\/","url":"https:\/\/sunflorae.com\/wp-content\/uploads\/2026\/03\/logo1.png","contentUrl":"https:\/\/sunflorae.com\/wp-content\/uploads\/2026\/03\/logo1.png","width":1153,"height":365,"caption":"sunflorae.com"},"image":{"@id":"https:\/\/sunflorae.com\/#\/schema\/logo\/image\/"}}]}},"_links":{"self":[{"href":"https:\/\/sunflorae.com\/es\/wp-json\/wp\/v2\/pages\/509","targetHints":{"allow":["GET"]}}],"collection":[{"href":"https:\/\/sunflorae.com\/es\/wp-json\/wp\/v2\/pages"}],"about":[{"href":"https:\/\/sunflorae.com\/es\/wp-json\/wp\/v2\/types\/page"}],"author":[{"embeddable":true,"href":"https:\/\/sunflorae.com\/es\/wp-json\/wp\/v2\/users\/1"}],"replies":[{"embeddable":true,"href":"https:\/\/sunflorae.com\/es\/wp-json\/wp\/v2\/comments?post=509"}],"version-history":[{"count":1,"href":"https:\/\/sunflorae.com\/es\/wp-json\/wp\/v2\/pages\/509\/revisions"}],"predecessor-version":[{"id":2015,"href":"https:\/\/sunflorae.com\/es\/wp-json\/wp\/v2\/pages\/509\/revisions\/2015"}],"wp:attachment":[{"href":"https:\/\/sunflorae.com\/es\/wp-json\/wp\/v2\/media?parent=509"}],"curies":[{"name":"wp","href":"https:\/\/api.w.org\/{rel}","templated":true}]}}