{"id":508,"date":"2026-03-09T20:26:43","date_gmt":"2026-03-09T20:26:43","guid":{"rendered":"https:\/\/sunflorae.com\/home\/"},"modified":"2026-03-13T07:49:53","modified_gmt":"2026-03-13T07:49:53","slug":"home","status":"publish","type":"page","link":"https:\/\/sunflorae.com\/de\/","title":{"rendered":"Startseite"},"content":{"rendered":"","protected":false},"excerpt":{"rendered":"","protected":false},"author":1,"featured_media":0,"parent":0,"menu_order":0,"comment_status":"closed","ping_status":"closed","template":"page-templates\/page-home.php","meta":{"footnotes":""},"class_list":["post-508","page","type-page","status-publish","hentry"],"yoast_head":"<!-- This site is optimized with the Yoast SEO Premium plugin v27.1 (Yoast SEO v27.1) - https:\/\/yoast.com\/product\/yoast-seo-premium-wordpress\/ -->\n<title>Sunflorae | Premium Fragrance Wholesale Supplier<\/title>\n<meta name=\"description\" content=\"Wholesale perfumes from the manufacturer. 200+ scents, MOQ from 50 pcs, ships to 40+ countries. Request your wholesale price list today.\" \/>\n<meta name=\"robots\" content=\"index, follow, max-snippet:-1, max-image-preview:large, max-video-preview:-1\" \/>\n<link rel=\"canonical\" href=\"https:\/\/sunflorae.com\/de\/\" \/>\n<meta property=\"og:locale\" content=\"de_DE\" \/>\n<meta property=\"og:type\" content=\"article\" \/>\n<meta property=\"og:title\" content=\"Home\" \/>\n<meta property=\"og:description\" content=\"Wholesale perfumes from the manufacturer. 200+ scents, MOQ from 50 pcs, ships to 40+ countries. Request your wholesale price list today.\" \/>\n<meta property=\"og:url\" content=\"https:\/\/sunflorae.com\/de\/\" \/>\n<meta property=\"og:site_name\" content=\"Sunflorae\" \/>\n<meta property=\"article:modified_time\" content=\"2026-03-13T07:49:53+00:00\" \/>\n<meta name=\"twitter:card\" content=\"summary_large_image\" \/>\n<script type=\"application\/ld+json\" class=\"yoast-schema-graph\">{\"@context\":\"https:\/\/schema.org\",\"@graph\":[{\"@type\":\"WebPage\",\"@id\":\"https:\/\/sunflorae.com\/\",\"url\":\"https:\/\/sunflorae.com\/\",\"name\":\"Sunflorae | Premium Fragrance Wholesale Supplier\",\"isPartOf\":{\"@id\":\"https:\/\/sunflorae.com\/#website\"},\"datePublished\":\"2026-03-09T20:26:43+00:00\",\"dateModified\":\"2026-03-13T07:49:53+00:00\",\"description\":\"Wholesale perfumes from the manufacturer. 200+ scents, MOQ from 50 pcs, ships to 40+ countries. Request your wholesale price list today.\",\"breadcrumb\":{\"@id\":\"https:\/\/sunflorae.com\/#breadcrumb\"},\"inLanguage\":\"de\",\"potentialAction\":[{\"@type\":\"ReadAction\",\"target\":[\"https:\/\/sunflorae.com\/\"]}]},{\"@type\":\"BreadcrumbList\",\"@id\":\"https:\/\/sunflorae.com\/#breadcrumb\",\"itemListElement\":[{\"@type\":\"ListItem\",\"position\":1,\"name\":\"Home\",\"item\":\"https:\/\/sunflorae.com\/\"},{\"@type\":\"ListItem\",\"position\":2,\"name\":\"Home\"}]},{\"@type\":\"WebSite\",\"@id\":\"https:\/\/sunflorae.com\/#website\",\"url\":\"https:\/\/sunflorae.com\/\",\"name\":\"sunflorae.com\",\"description\":\"Premium Fragrance Wholesale \u2014 Manufacturer &amp; Global Supplier\",\"publisher\":{\"@id\":\"https:\/\/sunflorae.com\/#organization\"},\"potentialAction\":[{\"@type\":\"SearchAction\",\"target\":{\"@type\":\"EntryPoint\",\"urlTemplate\":\"https:\/\/sunflorae.com\/?s={search_term_string}\"},\"query-input\":{\"@type\":\"PropertyValueSpecification\",\"valueRequired\":true,\"valueName\":\"search_term_string\"}}],\"inLanguage\":\"de\"},{\"@type\":\"Organization\",\"@id\":\"https:\/\/sunflorae.com\/#organization\",\"name\":\"sunflorae.com\",\"url\":\"https:\/\/sunflorae.com\/\",\"logo\":{\"@type\":\"ImageObject\",\"inLanguage\":\"de\",\"@id\":\"https:\/\/sunflorae.com\/#\/schema\/logo\/image\/\",\"url\":\"https:\/\/sunflorae.com\/wp-content\/uploads\/2026\/03\/logo1.png\",\"contentUrl\":\"https:\/\/sunflorae.com\/wp-content\/uploads\/2026\/03\/logo1.png\",\"width\":1153,\"height\":365,\"caption\":\"sunflorae.com\"},\"image\":{\"@id\":\"https:\/\/sunflorae.com\/#\/schema\/logo\/image\/\"}}]}<\/script>\n<!-- \/ Yoast SEO Premium plugin. -->","yoast_head_json":{"title":"Sunflorae | Premium-Duftstoff Gro\u00dfhandel Lieferant","description":"Gro\u00dfhandel Parfums vom Hersteller. 200+ D\u00fcfte, MOQ ab 50 St\u00fcck, Versand in 40+ L\u00e4nder. Fordern Sie noch heute Ihre Gro\u00dfhandelspreisliste an.","robots":{"index":"index","follow":"follow","max-snippet":"max-snippet:-1","max-image-preview":"max-image-preview:large","max-video-preview":"max-video-preview:-1"},"canonical":"https:\/\/sunflorae.com\/de\/","og_locale":"de_DE","og_type":"article","og_title":"Home","og_description":"Wholesale perfumes from the manufacturer. 200+ scents, MOQ from 50 pcs, ships to 40+ countries. Request your wholesale price list today.","og_url":"https:\/\/sunflorae.com\/de\/","og_site_name":"Sunflorae","article_modified_time":"2026-03-13T07:49:53+00:00","twitter_card":"summary_large_image","schema":{"@context":"https:\/\/schema.org","@graph":[{"@type":"WebPage","@id":"https:\/\/sunflorae.com\/","url":"https:\/\/sunflorae.com\/","name":"Sunflorae | Premium-Duftstoff Gro\u00dfhandel Lieferant","isPartOf":{"@id":"https:\/\/sunflorae.com\/#website"},"datePublished":"2026-03-09T20:26:43+00:00","dateModified":"2026-03-13T07:49:53+00:00","description":"Gro\u00dfhandel Parfums vom Hersteller. 200+ D\u00fcfte, MOQ ab 50 St\u00fcck, Versand in 40+ L\u00e4nder. Fordern Sie noch heute Ihre Gro\u00dfhandelspreisliste an.","breadcrumb":{"@id":"https:\/\/sunflorae.com\/#breadcrumb"},"inLanguage":"de","potentialAction":[{"@type":"ReadAction","target":["https:\/\/sunflorae.com\/"]}]},{"@type":"BreadcrumbList","@id":"https:\/\/sunflorae.com\/#breadcrumb","itemListElement":[{"@type":"ListItem","position":1,"name":"Home","item":"https:\/\/sunflorae.com\/"},{"@type":"ListItem","position":2,"name":"Home"}]},{"@type":"WebSite","@id":"https:\/\/sunflorae.com\/#website","url":"https:\/\/sunflorae.com\/","name":"sunflorae.com","description":"Premium-Parf\u00fcm-Gro\u00dfhandel - Hersteller &amp; Globaler Lieferant","publisher":{"@id":"https:\/\/sunflorae.com\/#organization"},"potentialAction":[{"@type":"SearchAction","target":{"@type":"EntryPoint","urlTemplate":"https:\/\/sunflorae.com\/?s={search_term_string}"},"query-input":{"@type":"PropertyValueSpecification","valueRequired":true,"valueName":"search_term_string"}}],"inLanguage":"de"},{"@type":"Organization","@id":"https:\/\/sunflorae.com\/#organization","name":"sunflorae.com","url":"https:\/\/sunflorae.com\/","logo":{"@type":"ImageObject","inLanguage":"de","@id":"https:\/\/sunflorae.com\/#\/schema\/logo\/image\/","url":"https:\/\/sunflorae.com\/wp-content\/uploads\/2026\/03\/logo1.png","contentUrl":"https:\/\/sunflorae.com\/wp-content\/uploads\/2026\/03\/logo1.png","width":1153,"height":365,"caption":"sunflorae.com"},"image":{"@id":"https:\/\/sunflorae.com\/#\/schema\/logo\/image\/"}}]}},"_links":{"self":[{"href":"https:\/\/sunflorae.com\/de\/wp-json\/wp\/v2\/pages\/508","targetHints":{"allow":["GET"]}}],"collection":[{"href":"https:\/\/sunflorae.com\/de\/wp-json\/wp\/v2\/pages"}],"about":[{"href":"https:\/\/sunflorae.com\/de\/wp-json\/wp\/v2\/types\/page"}],"author":[{"embeddable":true,"href":"https:\/\/sunflorae.com\/de\/wp-json\/wp\/v2\/users\/1"}],"replies":[{"embeddable":true,"href":"https:\/\/sunflorae.com\/de\/wp-json\/wp\/v2\/comments?post=508"}],"version-history":[{"count":1,"href":"https:\/\/sunflorae.com\/de\/wp-json\/wp\/v2\/pages\/508\/revisions"}],"predecessor-version":[{"id":2019,"href":"https:\/\/sunflorae.com\/de\/wp-json\/wp\/v2\/pages\/508\/revisions\/2019"}],"wp:attachment":[{"href":"https:\/\/sunflorae.com\/de\/wp-json\/wp\/v2\/media?parent=508"}],"curies":[{"name":"wp","href":"https:\/\/api.w.org\/{rel}","templated":true}]}}